{"id":14,"date":"2010-04-20T10:59:29","date_gmt":"2010-04-20T10:59:29","guid":{"rendered":"http:\/\/olli-pekka.puolitaival.fi\/?page_id=14"},"modified":"2011-12-27T11:16:25","modified_gmt":"2011-12-27T11:16:25","slug":"cv","status":"publish","type":"page","link":"http:\/\/olli-pekka.puolitaival.fi\/?page_id=14","title":{"rendered":"Min\u00e4"},"content":{"rendered":"<p><strong>Nimi<\/strong>: Olli-Pekka Puolitaival<\/p>\n<p><strong>Asuinpaikka<\/strong>: Oulu<\/p>\n<p><strong>Yhteys<\/strong>: Olli-Pekka (\u00c4t) Puolitaival.fi<\/p>\n<p><strong>Historia<\/strong>:<\/p>\n<p>Olen vuosia harrastanut valo- ja videokuvausta pokkareilla. L\u00e4hinn\u00e4 kuvauksen kohteena on ollut lumilautailu, motocross ja luonto. Kes\u00e4ll\u00e4 2009 ostin ensimm\u00e4isen oikean kameran (450D) jolla p\u00e4\u00e4sin varsinaisen kuvaamisen alkuun. Vuoden sis\u00e4\u00e4n tulikin reilu 20 000 kuvaa ja runko joutui v\u00e4istym\u00e4\u00e4n paremman tielt\u00e4 (7D), jo seuraavana kev\u00e4\u00e4n\u00e4. T\u00e4ss\u00e4 blogissa pyrin julkaisemaan silloin t\u00e4ll\u00f6in jokusen kuvan muiden iloksi.<\/p>\n<p>P\u00e4\u00e4asiallisena tavoitteenani kuvaamisen suhteen minulla on s\u00e4ilytt\u00e4\u00e4 oma vapaus ja mielenkiinto. En halua rajoittua mihink\u00e4\u00e4n tiettyyn kuvaamiseen vaan kuvata sit\u00e4 mit\u00e4 milloinkin haluttaa. T\u00e4st\u00e4 l\u00e4hdet\u00e4\u00e4n ja katsotaan mit\u00e4 t\u00e4m\u00e4n pohjalta blogiin muodostuu&#8230;<\/p>\n","protected":false},"excerpt":{"rendered":"<p>Nimi: Olli-Pekka Puolitaival Asuinpaikka: Oulu Yhteys: Olli-Pekka (\u00c4t) Puolitaival.fi Historia: Olen vuosia harrastanut valo- ja videokuvausta pokkareilla. L\u00e4hinn\u00e4 kuvauksen kohteena on ollut lumilautailu, motocross ja luonto. Kes\u00e4ll\u00e4 2009 ostin ensimm\u00e4isen oikean kameran (450D) jolla p\u00e4\u00e4sin varsinaisen kuvaamisen alkuun. Vuoden sis\u00e4\u00e4n tulikin reilu 20 000 kuvaa ja runko joutui v\u00e4istym\u00e4\u00e4n paremman tielt\u00e4 (7D), jo seuraavana kev\u00e4\u00e4n\u00e4. [&hellip;]<\/p>\n","protected":false},"author":1,"featured_media":0,"parent":0,"menu_order":0,"comment_status":"closed","ping_status":"closed","template":"","meta":{"footnotes":""},"class_list":["post-14","page","type-page","status-publish","hentry"],"_links":{"self":[{"href":"http:\/\/olli-pekka.puolitaival.fi\/index.php?rest_route=\/wp\/v2\/pages\/14","targetHints":{"allow":["GET"]}}],"collection":[{"href":"http:\/\/olli-pekka.puolitaival.fi\/index.php?rest_route=\/wp\/v2\/pages"}],"about":[{"href":"http:\/\/olli-pekka.puolitaival.fi\/index.php?rest_route=\/wp\/v2\/types\/page"}],"author":[{"embeddable":true,"href":"http:\/\/olli-pekka.puolitaival.fi\/index.php?rest_route=\/wp\/v2\/users\/1"}],"replies":[{"embeddable":true,"href":"http:\/\/olli-pekka.puolitaival.fi\/index.php?rest_route=%2Fwp%2Fv2%2Fcomments&post=14"}],"version-history":[{"count":7,"href":"http:\/\/olli-pekka.puolitaival.fi\/index.php?rest_route=\/wp\/v2\/pages\/14\/revisions"}],"predecessor-version":[{"id":197,"href":"http:\/\/olli-pekka.puolitaival.fi\/index.php?rest_route=\/wp\/v2\/pages\/14\/revisions\/197"}],"wp:attachment":[{"href":"http:\/\/olli-pekka.puolitaival.fi\/index.php?rest_route=%2Fwp%2Fv2%2Fmedia&parent=14"}],"curies":[{"name":"wp","href":"https:\/\/api.w.org\/{rel}","templated":true}]}}